{"id":15830,"date":"2017-09-20T14:45:17","date_gmt":"2017-09-20T14:45:17","guid":{"rendered":"https:\/\/greiciojuosta.lt\/?page_id=15830"},"modified":"2017-09-20T14:48:07","modified_gmt":"2017-09-20T14:48:07","slug":"darbo-tvarkos-taisykles","status":"publish","type":"page","link":"https:\/\/greiciojuosta.lt\/?page_id=15830","title":{"rendered":"Darbo tvarkos taisykl\u0117s"},"content":{"rendered":"<p>[vc_row css_animation=&#8221;&#8221; row_type=&#8221;row&#8221; use_row_as_full_screen_section=&#8221;no&#8221; type=&#8221;full_width&#8221; angled_section=&#8221;no&#8221; text_align=&#8221;center&#8221; background_image=&#8221;15693&#8243; background_image_as_pattern=&#8221;without_pattern&#8221; padding_top=&#8221;200&#8243; padding_bottom=&#8221;55&#8243;][vc_column]<div class=\"qode-animation-holder element_from_right\"><div class=\"qode-animation-holder-inner\"  style=\"-webkit-animation-delay:s; animation-delay:s; -webkit-transition-delay:s; transition-delay:s\">[vc_column_text]<\/p>\n<h5>Darbo tvarkos taisykl\u0117s<\/h5>\n<p>[\/vc_column_text]<\/div><\/div>[vc_empty_space][vc_row_inner row_type=&#8221;row&#8221; type=&#8221;full_width&#8221; anchor=&#8221;tvarkos&#8221; text_align=&#8221;left&#8221; background_color=&#8221;rgba(0,0,0,0.01)&#8221; css_animation=&#8221;&#8221; css=&#8221;.vc_custom_1505917435720{background-color: rgba(0,0,0,0.01) !important;*background-color: rgb(0,0,0) !important;}&#8221;][vc_column_inner width=&#8221;1\/6&#8243;][\/vc_column_inner][vc_column_inner width=&#8221;2\/3&#8243; css=&#8221;.vc_custom_1505723999957{margin-top: 30px !important;border-top-width: 3px !important;border-right-width: 3px !important;border-bottom-width: 3px !important;border-left-width: 3px !important;background-color: #ffffff !important;border-left-color: #da2b20 !important;border-left-style: solid !important;border-right-color: #da2b20 !important;border-right-style: solid !important;border-top-color: #da2b20 !important;border-top-style: solid !important;border-bottom-color: #da2b20 !important;border-bottom-style: solid !important;}&#8221;][vc_empty_space]<div class=\"qode-animation-holder element_from_top\"><div class=\"qode-animation-holder-inner\"  style=\"-webkit-animation-delay:s; animation-delay:s; -webkit-transition-delay:s; transition-delay:s\">[vc_column_text css=&#8221;.vc_custom_1505917461061{padding-right: 5% !important;padding-left: 5% !important;}&#8221;]<\/p>\n<h6><strong>I. Veikla ir tikslai<\/strong><\/h6>\n<p>&nbsp;<\/p>\n<h6>1. Vairavimo mokykla veikia kaip savaranki\u0161ka mokymo \u012fstaiga rengianti A, B, BE kategorijos motorini\u0173 transporto priemoni\u0173 vairuotoj\u0173 pirmin\u012f mokym\u0105.<br \/>\n2. Vairuotoj\u0173 mokytojai ir vairavimo instruktoriai suteikia b\u016btin\u0105 kiek\u012f \u017eini\u0173 saugiai ir atsakingai vairuoti kelyje.<br \/>\n3. Mokymo metu atsi\u017evelgti \u012f kiekvieno besimokan\u010diojo individualum\u0105, ugdyti atsakomyb\u0117s jausm\u0105 ir pasitik\u0117jim\u0105 savimi.<\/h6>\n<p>&nbsp;<\/p>\n<h6><strong>II. Mokiniai ir pri\u0117mimo tvarka<\/strong><\/h6>\n<p>&nbsp;<\/p>\n<h6>1. Asmuo, norintis mokytis pateikia asmens dokument\u0105 ir medicinin\u0119 vairuotoj\u0173 sveikatos patikrinimo pa\u017eym\u0105.<br \/>\n2. Sumoka u\u017e moksl\u0105 pradin\u012f \u012fna\u0161\u0105, likusi\u0105 pinig\u0173 dal\u012f iki mokslo pabaigos pagal mokymo sutarties s\u0105lygas.<br \/>\n3. Besimokan\u010diajam, nei\u0161laikiusiam B kategorijos keli\u0173 transporto priemoni\u0173 vairuotoj\u0173 rengimo kvalifikacini\u0173 egzamin\u0173, pa\u0161alintam i\u0161 u\u017esi\u0117mim\u0173 mokyklos vadovo \u012fsakymu u\u017e grubius drausm\u0117s pa\u017eeidimus, u\u017esi\u0117mim\u0173 praleidin\u0117jim\u0105 be pateisinamos prie\u017easties, \u012fmok\u0117ti pinigai negr\u0105\u017einami.<br \/>\n4. Kiekvieno besimokan\u010dio, i\u0161klausiusio teorijos kurs\u0105 ir praktinio vairavimo mokymo program\u0105, i\u0161laikiusio mokyklinius egzaminus duomenys perduodamos V\u012e Regitra per 1 darbo dien\u0105.<\/h6>\n<p>&nbsp;<\/p>\n<h6><strong>III. Atsakomyb\u0117<\/strong><\/h6>\n<p>&nbsp;<\/p>\n<h6>1. U\u017esi\u0117mim\u0173 metu vykdyti d\u0117stytoj\u0173 ir vairavimo instruktori\u0173 nurodymus.<br \/>\n2. Stengtis kuo geriau \u012fsisavinti u\u017esi\u0117mim\u0173 metu d\u0117stom\u0105 med\u017eiag\u0105.<br \/>\n3. Apie neatvykim\u0105 \u012f u\u017esi\u0117mimus d\u0117l pateisinamos prie\u017easties, prane\u0161ti d\u0117stytojui arba vairavimo instruktoriui.<br \/>\n4. U\u017e nuostolius, padarytus transporto priemoni\u0173 vairuotoj\u0173 rengimo \u012fmonei d\u0117l besimokan\u010diojo kalt\u0117s, atlygina kaltininkas pagal jam pateikt\u0105 s\u0105skait\u0105.<br \/>\n5. Mokyklos vadovas atsako u\u017e vairuotoj\u0173 mokymo \u012fstaigos veikl\u0105 ir jos rezultatus.<br \/>\n6. Vairuotoj\u0173 mokytojams ir vairavimo instruktoriams, pa\u017eeidusiems darbo drausm\u0119, Lietuvos Respublikos nustatyta tvarka gali skiriamos drausmin\u0117s nuobaudos.<\/h6>\n<p>[\/vc_column_text]<\/div><\/div>[vc_empty_space][\/vc_column_inner][vc_column_inner width=&#8221;1\/6&#8243;][\/vc_column_inner][\/vc_row_inner][vc_empty_space height=&#8221;80px&#8221;][\/vc_column][\/vc_row][vc_row css_animation=&#8221;&#8221; row_type=&#8221;row&#8221; use_row_as_full_screen_section=&#8221;no&#8221; type=&#8221;full_width&#8221; angled_section=&#8221;no&#8221; text_align=&#8221;left&#8221; background_image_as_pattern=&#8221;without_pattern&#8221; background_color=&#8221;#000000&#8243; padding_top=&#8221;0&#8243; padding_bottom=&#8221;0&#8243;][vc_column][vc_empty_space height=&#8221;40px&#8221;][vc_row_inner row_type=&#8221;row&#8221; type=&#8221;full_width&#8221; text_align=&#8221;center&#8221; css_animation=&#8221;&#8221;][vc_column_inner][vc_column_text]<\/p>\n<h3><span style=\"color: #ffffff;\">&#8220;J\u016bs\u0173 kelias \u012f vairavimo s\u0117km\u0119.&#8221;<\/span><\/h3>\n<p>[\/vc_column_text][vc_empty_space height=&#8221;10px&#8221;][vc_empty_space height=&#8221;10px&#8221;]<a  itemprop=\"url\" href=\"https:\/\/greiciojuosta.lt\/kontaktai\" target=\"_self\"  class=\"qbutton  default\" style=\"\">Kontaktai<\/a>[\/vc_column_inner][\/vc_row_inner][vc_empty_space height=&#8221;30px&#8221;][\/vc_column][\/vc_row]<\/p>\n","protected":false},"excerpt":{"rendered":"<p>[vc_row css_animation=&#8221;&#8221; row_type=&#8221;row&#8221; use_row_as_full_screen_section=&#8221;no&#8221; type=&#8221;full_width&#8221; angled_section=&#8221;no&#8221; text_align=&#8221;center&#8221; background_image=&#8221;15693&#8243; background_image_as_pattern=&#8221;without_pattern&#8221; padding_top=&#8221;200&#8243; padding_bottom=&#8221;55&#8243;][vc_column][vc_empty_space][vc_row_inner row_type=&#8221;row&#8221; type=&#8221;full_width&#8221; anchor=&#8221;tvarkos&#8221; text_align=&#8221;left&#8221; background_color=&#8221;rgba(0,0,0,0.01)&#8221; css_animation=&#8221;&#8221; css=&#8221;.vc_custom_1505917435720{background-color: rgba(0,0,0,0.01) !important;*background-color: rgb(0,0,0) !important;}&#8221;][vc_column_inner width=&#8221;1\/6&#8243;][\/vc_column_inner][vc_column_inner width=&#8221;2\/3&#8243; css=&#8221;.vc_custom_1505723999957{margin-top: 30px !important;border-top-width: 3px !important;border-right-width: 3px !important;border-bottom-width: 3px !important;border-left-width: 3px !important;background-color: #ffffff !important;border-left-color: #da2b20 !important;border-left-style: solid !important;border-right-color: #da2b20 !important;border-right-style: solid !important;border-top-color:&#8230;<\/p>\n","protected":false},"author":1,"featured_media":0,"parent":0,"menu_order":0,"comment_status":"open","ping_status":"closed","template":"full_width.php","meta":{"footnotes":""},"class_list":["post-15830","page","type-page","status-publish","hentry"],"_links":{"self":[{"href":"https:\/\/greiciojuosta.lt\/index.php?rest_route=\/wp\/v2\/pages\/15830","targetHints":{"allow":["GET"]}}],"collection":[{"href":"https:\/\/greiciojuosta.lt\/index.php?rest_route=\/wp\/v2\/pages"}],"about":[{"href":"https:\/\/greiciojuosta.lt\/index.php?rest_route=\/wp\/v2\/types\/page"}],"author":[{"embeddable":true,"href":"https:\/\/greiciojuosta.lt\/index.php?rest_route=\/wp\/v2\/users\/1"}],"replies":[{"embeddable":true,"href":"https:\/\/greiciojuosta.lt\/index.php?rest_route=%2Fwp%2Fv2%2Fcomments&post=15830"}],"version-history":[{"count":5,"href":"https:\/\/greiciojuosta.lt\/index.php?rest_route=\/wp\/v2\/pages\/15830\/revisions"}],"predecessor-version":[{"id":15839,"href":"https:\/\/greiciojuosta.lt\/index.php?rest_route=\/wp\/v2\/pages\/15830\/revisions\/15839"}],"wp:attachment":[{"href":"https:\/\/greiciojuosta.lt\/index.php?rest_route=%2Fwp%2Fv2%2Fmedia&parent=15830"}],"curies":[{"name":"wp","href":"https:\/\/api.w.org\/{rel}","templated":true}]}}