{"id":15767,"date":"2017-09-05T14:39:03","date_gmt":"2017-09-05T14:39:03","guid":{"rendered":"https:\/\/greiciojuosta.lt\/?page_id=15767"},"modified":"2017-09-20T14:55:58","modified_gmt":"2017-09-20T14:55:58","slug":"kontaktai","status":"publish","type":"page","link":"https:\/\/greiciojuosta.lt\/?page_id=15767","title":{"rendered":"Kontaktai"},"content":{"rendered":"<p>[vc_row css_animation=&#8221;&#8221; row_type=&#8221;row&#8221; use_row_as_full_screen_section=&#8221;no&#8221; type=&#8221;full_width&#8221; angled_section=&#8221;no&#8221; text_align=&#8221;center&#8221; background_image=&#8221;15693&#8243; background_image_as_pattern=&#8221;without_pattern&#8221; padding_top=&#8221;200&#8243; padding_bottom=&#8221;55&#8243;][vc_column]<div class=\"qode-animation-holder element_from_right\"><div class=\"qode-animation-holder-inner\"  style=\"-webkit-animation-delay:s; animation-delay:s; -webkit-transition-delay:s; transition-delay:s\">[vc_column_text]<\/p>\n<h5>Kontaktai<\/h5>\n<p>[\/vc_column_text]<\/div><\/div>[vc_empty_space height=&#8221;80px&#8221;][vc_row_inner row_type=&#8221;row&#8221; type=&#8221;full_width&#8221; text_align=&#8221;center&#8221; background_color=&#8221;rgba(0,0,0,0.01)&#8221; css_animation=&#8221;&#8221; css=&#8221;.vc_custom_1504616259392{background-color: rgba(0,0,0,0.01) !important;*background-color: rgb(0,0,0) !important;}&#8221;][vc_column_inner width=&#8221;1\/6&#8243;][\/vc_column_inner][vc_column_inner width=&#8221;2\/3&#8243; css=&#8221;.vc_custom_1504616561590{margin-top: 30px !important;border-top-width: 3px !important;border-right-width: 3px !important;border-bottom-width: 3px !important;border-left-width: 3px !important;background-color: rgba(255,255,255,0.87) !important;*background-color: rgb(255,255,255) !important;border-left-color: #da2b20 !important;border-left-style: solid !important;border-right-color: #da2b20 !important;border-right-style: solid !important;border-top-color: #da2b20 !important;border-top-style: solid !important;border-bottom-color: #da2b20 !important;border-bottom-style: solid !important;}&#8221;][vc_empty_space]<div class=\"qode-animation-holder element_from_left\"><div class=\"qode-animation-holder-inner\"  style=\"-webkit-animation-delay:s; animation-delay:s; -webkit-transition-delay:s; transition-delay:s\">[vc_column_text]<\/p>\n<h3><strong>Kontaktin\u0117 informacija<\/strong><\/h3>\n<p>&nbsp;<\/p>\n<h6>Adresas: Piev\u0173 g. 23, Kaunas (Aleksotas), LT-46355<\/h6>\n<p>&nbsp;<\/p>\n<h6>Telefonas: <a href=\"tel:+370 698 05311\">+370 698 05311<\/a><\/h6>\n<h6>E-pa\u0161tas: <a href=\"mailto:info@greiciojuosta.lt\">info@greiciojuosta.lt<\/a><\/h6>\n<p>[\/vc_column_text][vc_empty_space]<span class='q_social_icon_holder circle_social' data-color=#ffffff data-hover-background-color=#000000 data-hover-color=#ffffff><a itemprop='url' href='https:\/\/www.facebook.com\/GreicioJuosta' target='_blank'><span class='fa-stack fa-2x' style='background-color: #da2b20;'><i class=\"qode_icon_font_awesome fa fa-facebook \" style=\"color: #ffffff;\" ><\/i><\/span><\/a><\/span><\/div><\/div>[vc_empty_space][vc_separator type=&#8221;normal&#8221;][\/vc_column_inner][vc_column_inner width=&#8221;1\/6&#8243;][\/vc_column_inner][vc_column_inner][vc_empty_space][\/vc_column_inner][\/vc_row_inner][vc_row_inner row_type=&#8221;row&#8221; type=&#8221;full_width&#8221; text_align=&#8221;center&#8221; background_color=&#8221;rgba(0,0,0,0.01)&#8221; css_animation=&#8221;&#8221; css=&#8221;.vc_custom_1504616259392{background-color: rgba(0,0,0,0.01) !important;*background-color: rgb(0,0,0) !important;}&#8221;][vc_column_inner width=&#8221;1\/6&#8243;][\/vc_column_inner][vc_column_inner width=&#8221;2\/3&#8243; css=&#8221;.vc_custom_1504616561590{margin-top: 30px !important;border-top-width: 3px !important;border-right-width: 3px !important;border-bottom-width: 3px !important;border-left-width: 3px !important;background-color: rgba(255,255,255,0.87) !important;*background-color: rgb(255,255,255) !important;border-left-color: #da2b20 !important;border-left-style: solid !important;border-right-color: #da2b20 !important;border-right-style: solid !important;border-top-color: #da2b20 !important;border-top-style: solid !important;border-bottom-color: #da2b20 !important;border-bottom-style: solid !important;}&#8221;][vc_empty_space][vc_column_text]<\/p>\n<h3><strong>Kur mus rasti?<\/strong><\/h3>\n<p>[\/vc_column_text][vc_empty_space]<div class=\"qode-animation-holder element_from_top\"><div class=\"qode-animation-holder-inner\"  style=\"-webkit-animation-delay:s; animation-delay:s; -webkit-transition-delay:s; transition-delay:s\"><div class='google_map_shortcode_holder' style='height:360px;'><div class='qode_google_map' style='height:360px;' id='map_canvas_93918' data-addresses='[\"Piev\u0173 g. 23, Kaunas\"]' data-custom-map-style='false' data-color-overlay='#393939' data-saturation='-100' data-lightness='-60' data-zoom='16' data-pin='https:\/\/greiciojuosta.lt\/wp-content\/uploads\/2017\/09\/z-01.png' data-unique-id='93918' data-google-maps-scroll-wheel='false' data-map-height='360'><\/div><div class='google_map_shortcode_overlay'><\/div><\/div><\/div><\/div>[vc_empty_space][vc_separator type=&#8221;normal&#8221;][\/vc_column_inner][vc_column_inner width=&#8221;1\/6&#8243;][\/vc_column_inner][vc_column_inner][vc_empty_space][\/vc_column_inner][\/vc_row_inner][vc_row_inner row_type=&#8221;row&#8221; type=&#8221;full_width&#8221; text_align=&#8221;center&#8221; background_color=&#8221;rgba(0,0,0,0.01)&#8221; css_animation=&#8221;&#8221; css=&#8221;.vc_custom_1504616259392{background-color: rgba(0,0,0,0.01) !important;*background-color: rgb(0,0,0) !important;}&#8221;][vc_column_inner width=&#8221;1\/6&#8243;][\/vc_column_inner][vc_column_inner width=&#8221;2\/3&#8243; css=&#8221;.vc_custom_1504616561590{margin-top: 30px !important;border-top-width: 3px !important;border-right-width: 3px !important;border-bottom-width: 3px !important;border-left-width: 3px !important;background-color: rgba(255,255,255,0.87) !important;*background-color: rgb(255,255,255) !important;border-left-color: #da2b20 !important;border-left-style: solid !important;border-right-color: #da2b20 !important;border-right-style: solid !important;border-top-color: #da2b20 !important;border-top-style: solid !important;border-bottom-color: #da2b20 !important;border-bottom-style: solid !important;}&#8221;][vc_empty_space][vc_column_text]<\/p>\n<h3><strong>Ra\u0161ykite mums<\/strong><\/h3>\n<p>[\/vc_column_text][vc_empty_space]<div class=\"qode-animation-holder element_from_top\"><div class=\"qode-animation-holder-inner\"  style=\"-webkit-animation-delay:s; animation-delay:s; -webkit-transition-delay:s; transition-delay:s\">\n<div class=\"wpcf7 no-js\" id=\"wpcf7-f15366-o1\" lang=\"en-US\" dir=\"ltr\" data-wpcf7-id=\"15366\">\n<div class=\"screen-reader-response\"><p role=\"status\" aria-live=\"polite\" aria-atomic=\"true\"><\/p> <ul><\/ul><\/div>\n<form action=\"\/index.php?rest_route=%2Fwp%2Fv2%2Fpages%2F15767#wpcf7-f15366-o1\" method=\"post\" class=\"wpcf7-form init default\" aria-label=\"Contact form\" novalidate=\"novalidate\" data-status=\"init\">\n<div style=\"display: none;\">\n<input type=\"hidden\" name=\"_wpcf7\" value=\"15366\" \/>\n<input type=\"hidden\" name=\"_wpcf7_version\" value=\"6.0\" \/>\n<input type=\"hidden\" name=\"_wpcf7_locale\" value=\"en_US\" \/>\n<input type=\"hidden\" name=\"_wpcf7_unit_tag\" value=\"wpcf7-f15366-o1\" \/>\n<input type=\"hidden\" name=\"_wpcf7_container_post\" value=\"0\" \/>\n<input type=\"hidden\" name=\"_wpcf7_posted_data_hash\" value=\"\" \/>\n<\/div>\n<div class=\"three_columns clearfix\">\n\t<div class=\"column1\">\n\t\t<div class=\"column_inner\">\n\t\t\t<p><span class=\"wpcf7-form-control-wrap\" data-name=\"first-name\"><input size=\"40\" maxlength=\"400\" class=\"wpcf7-form-control wpcf7-text wpcf7-validates-as-required\" aria-required=\"true\" aria-invalid=\"false\" placeholder=\"Vardas\" value=\"\" type=\"text\" name=\"first-name\" \/><\/span>\n\t\t\t<\/p>\n\t\t<\/div>\n\t<\/div>\n\t<div class=\"column2\">\n\t\t<div class=\"column_inner\">\n\t\t\t<p><span class=\"wpcf7-form-control-wrap\" data-name=\"last-name\"><input size=\"40\" maxlength=\"400\" class=\"wpcf7-form-control wpcf7-text wpcf7-validates-as-required\" aria-required=\"true\" aria-invalid=\"false\" placeholder=\"Pavard\u0117\" value=\"\" type=\"text\" name=\"last-name\" \/><\/span>\n\t\t\t<\/p>\n\t\t<\/div>\n\t<\/div>\n\t<div class=\"column3\">\n\t\t<div class=\"column_inner\">\n\t\t\t<p><span class=\"wpcf7-form-control-wrap\" data-name=\"email\"><input size=\"40\" maxlength=\"400\" class=\"wpcf7-form-control wpcf7-text wpcf7-validates-as-required\" aria-required=\"true\" aria-invalid=\"false\" placeholder=\"El. Pa\u0161tas\" value=\"\" type=\"text\" name=\"email\" \/><\/span>\n\t\t\t<\/p>\n\t\t<\/div>\n\t<\/div>\n<\/div>\n<p><span class=\"wpcf7-form-control-wrap\" data-name=\"message\"><textarea cols=\"40\" rows=\"10\" maxlength=\"2000\" class=\"wpcf7-form-control wpcf7-textarea\" aria-invalid=\"false\" placeholder=\"\u017einut\u0117\" name=\"message\"><\/textarea><\/span>\n<\/p>\n<p><input class=\"wpcf7-form-control wpcf7-submit has-spinner\" type=\"submit\" value=\"Si\u0173sti\" \/>\n<\/p><p style=\"display: none !important;\" class=\"akismet-fields-container\" data-prefix=\"_wpcf7_ak_\"><label>&#916;<textarea name=\"_wpcf7_ak_hp_textarea\" cols=\"45\" rows=\"8\" maxlength=\"100\"><\/textarea><\/label><input type=\"hidden\" id=\"ak_js_1\" name=\"_wpcf7_ak_js\" value=\"113\"\/><script>document.getElementById( \"ak_js_1\" ).setAttribute( \"value\", ( new Date() ).getTime() );<\/script><\/p><div class=\"wpcf7-response-output\" aria-hidden=\"true\"><\/div>\n<\/form>\n<\/div>\n<\/div><\/div>[vc_empty_space][vc_separator type=&#8221;normal&#8221;][\/vc_column_inner][vc_column_inner width=&#8221;1\/6&#8243;][\/vc_column_inner][vc_column_inner][vc_empty_space][\/vc_column_inner][\/vc_row_inner][\/vc_column][\/vc_row][vc_row css_animation=&#8221;&#8221; row_type=&#8221;row&#8221; use_row_as_full_screen_section=&#8221;no&#8221; type=&#8221;full_width&#8221; angled_section=&#8221;no&#8221; text_align=&#8221;left&#8221; background_image_as_pattern=&#8221;without_pattern&#8221; background_color=&#8221;#000000&#8243; padding_top=&#8221;0&#8243; padding_bottom=&#8221;0&#8243;][vc_column][vc_row_inner row_type=&#8221;row&#8221; type=&#8221;full_width&#8221; text_align=&#8221;center&#8221; css_animation=&#8221;&#8221;][vc_column_inner][vc_empty_space][vc_column_text]<\/p>\n<h3><span style=\"color: #ffffff;\">&#8220;J\u016bs\u0173 kelias \u012f vairavimo s\u0117km\u0119.&#8221;<\/span><\/h3>\n<p>[\/vc_column_text][vc_empty_space height=&#8221;10px&#8221;][vc_empty_space height=&#8221;10px&#8221;]<a  itemprop=\"url\" href=\"https:\/\/greiciojuosta.lt\/kontaktai\" target=\"_self\"  class=\"qbutton  default\" style=\"\">Kontaktai<\/a>[\/vc_column_inner][\/vc_row_inner][vc_empty_space height=&#8221;30px&#8221;][\/vc_column][\/vc_row]<\/p>\n","protected":false},"excerpt":{"rendered":"<p>[vc_row css_animation=&#8221;&#8221; row_type=&#8221;row&#8221; use_row_as_full_screen_section=&#8221;no&#8221; type=&#8221;full_width&#8221; angled_section=&#8221;no&#8221; text_align=&#8221;center&#8221; background_image=&#8221;15693&#8243; background_image_as_pattern=&#8221;without_pattern&#8221; padding_top=&#8221;200&#8243; padding_bottom=&#8221;55&#8243;][vc_column][vc_empty_space height=&#8221;80px&#8221;][vc_row_inner row_type=&#8221;row&#8221; type=&#8221;full_width&#8221; text_align=&#8221;center&#8221; background_color=&#8221;rgba(0,0,0,0.01)&#8221; css_animation=&#8221;&#8221; css=&#8221;.vc_custom_1504616259392{background-color: rgba(0,0,0,0.01) !important;*background-color: rgb(0,0,0) !important;}&#8221;][vc_column_inner width=&#8221;1\/6&#8243;][\/vc_column_inner][vc_column_inner width=&#8221;2\/3&#8243; css=&#8221;.vc_custom_1504616561590{margin-top: 30px !important;border-top-width: 3px !important;border-right-width: 3px !important;border-bottom-width: 3px !important;border-left-width: 3px !important;background-color: rgba(255,255,255,0.87) !important;*background-color: rgb(255,255,255) !important;border-left-color: #da2b20 !important;border-left-style: solid !important;border-right-color: #da2b20 !important;border-right-style:&#8230;<\/p>\n","protected":false},"author":1,"featured_media":0,"parent":0,"menu_order":0,"comment_status":"open","ping_status":"closed","template":"full_width.php","meta":{"footnotes":""},"class_list":["post-15767","page","type-page","status-publish","hentry"],"_links":{"self":[{"href":"https:\/\/greiciojuosta.lt\/index.php?rest_route=\/wp\/v2\/pages\/15767","targetHints":{"allow":["GET"]}}],"collection":[{"href":"https:\/\/greiciojuosta.lt\/index.php?rest_route=\/wp\/v2\/pages"}],"about":[{"href":"https:\/\/greiciojuosta.lt\/index.php?rest_route=\/wp\/v2\/types\/page"}],"author":[{"embeddable":true,"href":"https:\/\/greiciojuosta.lt\/index.php?rest_route=\/wp\/v2\/users\/1"}],"replies":[{"embeddable":true,"href":"https:\/\/greiciojuosta.lt\/index.php?rest_route=%2Fwp%2Fv2%2Fcomments&post=15767"}],"version-history":[{"count":24,"href":"https:\/\/greiciojuosta.lt\/index.php?rest_route=\/wp\/v2\/pages\/15767\/revisions"}],"predecessor-version":[{"id":15846,"href":"https:\/\/greiciojuosta.lt\/index.php?rest_route=\/wp\/v2\/pages\/15767\/revisions\/15846"}],"wp:attachment":[{"href":"https:\/\/greiciojuosta.lt\/index.php?rest_route=%2Fwp%2Fv2%2Fmedia&parent=15767"}],"curies":[{"name":"wp","href":"https:\/\/api.w.org\/{rel}","templated":true}]}}