{"id":15720,"date":"2017-09-05T14:10:44","date_gmt":"2017-09-05T14:10:44","guid":{"rendered":"https:\/\/greiciojuosta.lt\/?page_id=15720"},"modified":"2025-03-16T17:25:30","modified_gmt":"2025-03-16T17:25:30","slug":"be-kategorija","status":"publish","type":"page","link":"https:\/\/greiciojuosta.lt\/?page_id=15720","title":{"rendered":"BE Kategorija"},"content":{"rendered":"<p>[vc_row css_animation=&#8221;&#8221; row_type=&#8221;row&#8221; use_row_as_full_screen_section=&#8221;no&#8221; type=&#8221;full_width&#8221; angled_section=&#8221;no&#8221; text_align=&#8221;center&#8221; background_image=&#8221;15727&#8243; background_image_as_pattern=&#8221;without_pattern&#8221; padding_top=&#8221;200&#8243; padding_bottom=&#8221;55&#8243;][vc_column]<div class=\"qode-animation-holder element_from_right\"><div class=\"qode-animation-holder-inner\"  style=\"-webkit-animation-delay:s; animation-delay:s; -webkit-transition-delay:s; transition-delay:s\">[vc_column_text]<\/p>\n<h5>BE Kategorija<\/h5>\n<p>[\/vc_column_text]<\/div><\/div>[vc_empty_space height=&#8221;80px&#8221;][vc_row_inner row_type=&#8221;row&#8221; type=&#8221;full_width&#8221; text_align=&#8221;center&#8221; background_color=&#8221;rgba(0,0,0,0.01)&#8221; css_animation=&#8221;&#8221; css=&#8221;.vc_custom_1504616259392{background-color: rgba(0,0,0,0.01) !important;*background-color: rgb(0,0,0) !important;}&#8221;][vc_column_inner width=&#8221;1\/6&#8243;][\/vc_column_inner][vc_column_inner width=&#8221;2\/3&#8243; css=&#8221;.vc_custom_1504616561590{margin-top: 30px !important;border-top-width: 3px !important;border-right-width: 3px !important;border-bottom-width: 3px !important;border-left-width: 3px !important;background-color: rgba(255,255,255,0.87) !important;*background-color: rgb(255,255,255) !important;border-left-color: #da2b20 !important;border-left-style: solid !important;border-right-color: #da2b20 !important;border-right-style: solid !important;border-top-color: #da2b20 !important;border-top-style: solid !important;border-bottom-color: #da2b20 !important;border-bottom-style: solid !important;}&#8221;][vc_gallery type=&#8221;image_grid&#8221; images=&#8221;15724,15725,15726&#8243; img_size=&#8221;400&#215;400&#8243; column_number=&#8221;3&#8243; grayscale=&#8221;no&#8221; images_space=&#8221;gallery_without_space&#8221;][vc_empty_space]<div class=\"qode-animation-holder element_from_left\"><div class=\"qode-animation-holder-inner\"  style=\"-webkit-animation-delay:s; animation-delay:s; -webkit-transition-delay:s; transition-delay:s\">[vc_column_text]<\/p>\n<h3><strong>BE Kategorija:<\/strong> 220<strong>\u20ac<\/strong><\/h3>\n<p>[\/vc_column_text]<\/div><\/div>[vc_empty_space][vc_separator type=&#8221;normal&#8221;][\/vc_column_inner][vc_column_inner width=&#8221;1\/6&#8243;][\/vc_column_inner][vc_column_inner][vc_empty_space][\/vc_column_inner][\/vc_row_inner][vc_row_inner row_type=&#8221;row&#8221; type=&#8221;full_width&#8221; text_align=&#8221;center&#8221; background_color=&#8221;rgba(0,0,0,0.01)&#8221; css_animation=&#8221;&#8221; css=&#8221;.vc_custom_1504616259392{background-color: rgba(0,0,0,0.01) !important;*background-color: rgb(0,0,0) !important;}&#8221;][vc_column_inner width=&#8221;1\/6&#8243;][\/vc_column_inner][vc_column_inner width=&#8221;2\/3&#8243; css=&#8221;.vc_custom_1504616561590{margin-top: 30px !important;border-top-width: 3px !important;border-right-width: 3px !important;border-bottom-width: 3px !important;border-left-width: 3px !important;background-color: rgba(255,255,255,0.87) !important;*background-color: rgb(255,255,255) !important;border-left-color: #da2b20 !important;border-left-style: solid !important;border-right-color: #da2b20 !important;border-right-style: solid !important;border-top-color: #da2b20 !important;border-top-style: solid !important;border-bottom-color: #da2b20 !important;border-bottom-style: solid !important;}&#8221;][vc_empty_space]<div class=\"qode-animation-holder element_from_left\"><div class=\"qode-animation-holder-inner\"  style=\"-webkit-animation-delay:s; animation-delay:s; -webkit-transition-delay:s; transition-delay:s\">[vc_column_text]<\/p>\n<h6>Praktinis vairavimas &#8211; 10 ak. val<br \/>\nKET kompiuterin\u0117s programos<br \/>\nPagrindin\u0117 metodin\u0117 literat\u016bra<br \/>\nNuotolinis KET mokymasis<br \/>\nMokykliniai egzaminai (teorija ir praktinis vairavimas)<\/h6>\n<p>[\/vc_column_text]<\/div><\/div>[vc_empty_space][vc_separator type=&#8221;normal&#8221;][\/vc_column_inner][vc_column_inner width=&#8221;1\/6&#8243;][\/vc_column_inner][vc_column_inner][vc_empty_space height=&#8221;70px&#8221;][vc_empty_space height=&#8221;70px&#8221;][\/vc_column_inner][\/vc_row_inner][\/vc_column][\/vc_row][vc_row css_animation=&#8221;&#8221; row_type=&#8221;row&#8221; use_row_as_full_screen_section=&#8221;no&#8221; type=&#8221;full_width&#8221; angled_section=&#8221;no&#8221; text_align=&#8221;left&#8221; background_image_as_pattern=&#8221;without_pattern&#8221; background_color=&#8221;#000000&#8243; padding_top=&#8221;0&#8243; padding_bottom=&#8221;0&#8243;][vc_column][vc_empty_space height=&#8221;40px&#8221;][vc_row_inner row_type=&#8221;row&#8221; type=&#8221;full_width&#8221; text_align=&#8221;center&#8221; css_animation=&#8221;&#8221;][vc_column_inner][vc_column_text]<\/p>\n<h3><span style=\"color: #ffffff;\">&#8220;J\u016bs\u0173 kelias \u012f vairavimo s\u0117km\u0119.&#8221;<\/span><\/h3>\n<p>[\/vc_column_text][vc_empty_space height=&#8221;10px&#8221;][vc_empty_space height=&#8221;10px&#8221;]<a  itemprop=\"url\" href=\"https:\/\/greiciojuosta.lt\/kontaktai\" target=\"_self\"  class=\"qbutton  default\" style=\"\">Kontaktai<\/a>[\/vc_column_inner][\/vc_row_inner][vc_empty_space height=&#8221;30px&#8221;][\/vc_column][\/vc_row]<\/p>\n","protected":false},"excerpt":{"rendered":"<p>[vc_row css_animation=&#8221;&#8221; row_type=&#8221;row&#8221; use_row_as_full_screen_section=&#8221;no&#8221; type=&#8221;full_width&#8221; angled_section=&#8221;no&#8221; text_align=&#8221;center&#8221; background_image=&#8221;15727&#8243; background_image_as_pattern=&#8221;without_pattern&#8221; padding_top=&#8221;200&#8243; padding_bottom=&#8221;55&#8243;][vc_column][vc_empty_space height=&#8221;80px&#8221;][vc_row_inner row_type=&#8221;row&#8221; type=&#8221;full_width&#8221; text_align=&#8221;center&#8221; background_color=&#8221;rgba(0,0,0,0.01)&#8221; css_animation=&#8221;&#8221; css=&#8221;.vc_custom_1504616259392{background-color: rgba(0,0,0,0.01) !important;*background-color: rgb(0,0,0) !important;}&#8221;][vc_column_inner width=&#8221;1\/6&#8243;][\/vc_column_inner][vc_column_inner width=&#8221;2\/3&#8243; css=&#8221;.vc_custom_1504616561590{margin-top: 30px !important;border-top-width: 3px !important;border-right-width: 3px !important;border-bottom-width: 3px !important;border-left-width: 3px !important;background-color: rgba(255,255,255,0.87) !important;*background-color: rgb(255,255,255) !important;border-left-color: #da2b20 !important;border-left-style: solid !important;border-right-color: #da2b20 !important;border-right-style:&#8230;<\/p>\n","protected":false},"author":1,"featured_media":0,"parent":0,"menu_order":0,"comment_status":"open","ping_status":"closed","template":"full_width.php","meta":{"footnotes":""},"class_list":["post-15720","page","type-page","status-publish","hentry"],"_links":{"self":[{"href":"https:\/\/greiciojuosta.lt\/index.php?rest_route=\/wp\/v2\/pages\/15720","targetHints":{"allow":["GET"]}}],"collection":[{"href":"https:\/\/greiciojuosta.lt\/index.php?rest_route=\/wp\/v2\/pages"}],"about":[{"href":"https:\/\/greiciojuosta.lt\/index.php?rest_route=\/wp\/v2\/types\/page"}],"author":[{"embeddable":true,"href":"https:\/\/greiciojuosta.lt\/index.php?rest_route=\/wp\/v2\/users\/1"}],"replies":[{"embeddable":true,"href":"https:\/\/greiciojuosta.lt\/index.php?rest_route=%2Fwp%2Fv2%2Fcomments&post=15720"}],"version-history":[{"count":9,"href":"https:\/\/greiciojuosta.lt\/index.php?rest_route=\/wp\/v2\/pages\/15720\/revisions"}],"predecessor-version":[{"id":16085,"href":"https:\/\/greiciojuosta.lt\/index.php?rest_route=\/wp\/v2\/pages\/15720\/revisions\/16085"}],"wp:attachment":[{"href":"https:\/\/greiciojuosta.lt\/index.php?rest_route=%2Fwp%2Fv2%2Fmedia&parent=15720"}],"curies":[{"name":"wp","href":"https:\/\/api.w.org\/{rel}","templated":true}]}}